{"id":18,"date":"2011-06-01T14:11:14","date_gmt":"2011-06-01T13:11:14","guid":{"rendered":"http:\/\/cpsacquedottofe.it\/wordpress\/?page_id=18"},"modified":"2025-10-14T17:38:41","modified_gmt":"2025-10-14T16:38:41","slug":"chi-siamo-la-nostra-storia","status":"publish","type":"page","link":"http:\/\/cpsacquedottofe.it\/wordpress\/chi-siamo-la-nostra-storia","title":{"rendered":"Chi siamo"},"content":{"rendered":"<p>Il Centro di promozione sociale, dal 2011 &#8220;Acquedotto&#8221;, ha due storie: quella che va dal <strong>1983<\/strong>, anno della sua nascita per volont\u00e0 di Attilio Bagnolati che lo gest\u00ec fino al 1992, nei locali di Corso Porta Reno; e quella dal <strong>2006<\/strong> ad oggi, con il passaggio alla nuova sede, l&#8217;attuale, di Corso Isonzo 42 a Ferrara.<\/p>\n<p>L&#8217;arrivo in zona Acquedotto ha portato anche ad un rinnovamento gestionale, con il massimo sfruttamento dei locali di una sede ampia e funzionale. Sono poi cambiate nel tempo mentalit\u00e0, priorit\u00e0 e utenti. Fino ai giorni nostri, in cui l&#8217;istituzione dei centri anziani ha un significato molto diverso, in parte residuale, a livello socio-culturale. Da qui la necessit\u00e0 di rinnovarsi, ripensarsi come spazio e realt\u00e0 a servizio di tutta la comunit\u00e0 cittadina.<\/p>\n<p>Il nostro Centro \u00e8 stato comunque da sempre un precursore del settore. Nel 1983 non c&#8217;erano molti centri autogestiti da anziani, capaci di offrire locali, diversi dai moderni bar, per il gioco delle carte, per attivit\u00e0 ricreative varie e incontri. Con particolare attenzione alle donne e a momenti di scambio opinioni, organizzazione di iniziative e progetti, piccoli lavori di artigianato e grandi feste collettive.<\/p>\n<p><a title=\"Speciale 30\u00b0 anniversario 1983-2013\" href=\"http:\/\/cpsacquedottofe.it\/wordpress\/chi-siamo-la-nostra-storia\/speciale-30-anniversario-1983-2013\">Da 30 anni<\/a>, una storia che si arricchisce ogni giorno di pagine nuove, interessanti e condivise.<\/p>\n<p><strong>I PRESIDENTI dal 1983 ad oggi <\/strong>(leggi anche <a title=\"Comitato di gestione e Statuto\" href=\"http:\/\/cpsacquedottofe.it\/wordpress\/chi-siamo-la-nostra-storia\/consiglio-direttivo-e-statuto\"><strong>Consiglio Direttivo e Statuto<\/strong><\/a>)<\/p>\n<ul>\n<li>Occhiali &#8211; ottobre &#8217;83 \/ aprile &#8217;84<\/li>\n<li>Bagnolati &#8211; &#8217;84 \/ &#8217;92<\/li>\n<li>Carpeggiani &#8211; &#8217;92 \/ fine &#8217;93<\/li>\n<li>Coratti &#8211; &#8217;94 \/ &#8217;05<\/li>\n<li>Carpeggiani &#8211; &#8217;06 \/ &#8217;10<\/li>\n<li>Susca &#8211; 2011-2019<\/li>\n<li>Marangon &#8211; 2019-2024<\/li>\n<li>Susca &#8211; 2024<\/li>\n<\/ul>\n<p><strong>Sulla stampa<\/strong><\/p>\n<ul>\n<li><em>Leggi l&#8217;articolo del passaggio di consegne tra Lidia Carpeggiani e Antonio Susca (gennaio 2011):<\/em> <a href=\"http:\/\/cpsacquedottofe.it\/wordpress\/wp-content\/uploads\/2011\/06\/Il-Centro-sociale-ora-\u00e8-pi\u00f9-giovane-La-Nuova-Ferrara.pdf\">Il Centro sociale ora \u00e8 pi\u00f9 giovane &#8211; La Nuova Ferrara<\/a> (.pdf).<\/li>\n<li>Nel 2016 la Nuova Ferrara ci ha dedicato una pagina sulla nostra storia e su quella delle nostre donne (ottobre 2016): <a href=\"http:\/\/cpsacquedottofe.it\/wordpress\/wp-content\/uploads\/2011\/06\/La-Nuova-Ferrara-20-10-2016.pdf\">La Nuova Ferrara 20-10-2016<\/a> (.pdf)<\/li>\n<li><em>Il nostro 28\u00b0 compleanno:<\/em> <a href=\"http:\/\/www.estense.com\/?p=169542\">Estense.com<\/a><\/li>\n<li><em>Il nostro 30\u00b0 compleanno:\u00a0<\/em><a href=\"https:\/\/www.estense.com\/?p=333076\">Estense.com<\/a><\/li>\n<li><em>Il nostro 35\u00b0 compleanno:\u00a0<\/em><a href=\"https:\/\/www.estense.com\/?p=722889\">Estense.com<\/a><\/li>\n<\/ul>\n<p style=\"text-align: right;\">\n","protected":false},"excerpt":{"rendered":"<p>Il Centro di promozione sociale, dal 2011 &#8220;Acquedotto&#8221;, ha due storie: quella che va dal 1983, anno della sua nascita per volont\u00e0 [&hellip;]<\/p>\n","protected":false},"author":3,"featured_media":0,"parent":0,"menu_order":0,"comment_status":"open","ping_status":"closed","template":"","meta":{"_lmt_disableupdate":"","_lmt_disable":"","_monsterinsights_skip_tracking":false,"_monsterinsights_sitenote_active":false,"_monsterinsights_sitenote_note":"","_monsterinsights_sitenote_category":0,"footnotes":""},"class_list":["post-18","page","type-page","status-publish","hentry"],"aioseo_notices":[],"_links":{"self":[{"href":"http:\/\/cpsacquedottofe.it\/wordpress\/wp-json\/wp\/v2\/pages\/18","targetHints":{"allow":["GET"]}}],"collection":[{"href":"http:\/\/cpsacquedottofe.it\/wordpress\/wp-json\/wp\/v2\/pages"}],"about":[{"href":"http:\/\/cpsacquedottofe.it\/wordpress\/wp-json\/wp\/v2\/types\/page"}],"author":[{"embeddable":true,"href":"http:\/\/cpsacquedottofe.it\/wordpress\/wp-json\/wp\/v2\/users\/3"}],"replies":[{"embeddable":true,"href":"http:\/\/cpsacquedottofe.it\/wordpress\/wp-json\/wp\/v2\/comments?post=18"}],"version-history":[{"count":18,"href":"http:\/\/cpsacquedottofe.it\/wordpress\/wp-json\/wp\/v2\/pages\/18\/revisions"}],"predecessor-version":[{"id":7508,"href":"http:\/\/cpsacquedottofe.it\/wordpress\/wp-json\/wp\/v2\/pages\/18\/revisions\/7508"}],"wp:attachment":[{"href":"http:\/\/cpsacquedottofe.it\/wordpress\/wp-json\/wp\/v2\/media?parent=18"}],"curies":[{"name":"wp","href":"https:\/\/api.w.org\/{rel}","templated":true}]}}