{"id":2269,"date":"2013-06-27T19:20:36","date_gmt":"2013-06-27T18:20:36","guid":{"rendered":"http:\/\/cpsacquedottofe.it\/wordpress\/?page_id=2269"},"modified":"2018-07-18T09:46:49","modified_gmt":"2018-07-18T08:46:49","slug":"26-giugno-serata-dialettale-al-centro-acquedotto","status":"publish","type":"page","link":"http:\/\/cpsacquedottofe.it\/wordpress\/eventi-speciali\/speciale-30-anniversario-1983-2013\/26-giugno-serata-dialettale-al-centro-acquedotto","title":{"rendered":"26 giugno &#8211; SERATA DIALETTALE AL CENTRO ACQUEDOTTO"},"content":{"rendered":"<p style=\"text-align: center;\"><em><strong>Ridar ad cuor c\u00f2l dialet<\/strong><\/em><\/p>\n<address><i><span style=\"font-family: tahoma,arial,helvetica,sans-serif; font-size: large;\">La Compagnia dialettale &#8220;Ragaz\u00ect da &#8216;na v\u00f2lta&#8221; presenta &#8220;Cab\u00e0ret in frar\u00e9s&#8221;, ridar ad cuor, c\u00f2l dialet.\u00a0<\/span><\/i><\/address>\n<address><i><span style=\"font-family: tahoma,arial,helvetica,sans-serif; font-size: large;\">\u00a0<\/span><\/i><\/address>\n<address><i><span style=\"font-family: tahoma,arial,helvetica,sans-serif; font-size: large;\">Zirud\u00e8li, sen\u00e9t, barzl\u00e9t e n\u00e0 qualch bagian\u00e0, par r\u00ecdar insiem c\u00f2l n\u00f2star b\u00e8l dial\u00e8t!<\/span><\/i><\/address>\n<address><i><span style=\"font-family: tahoma,arial,helvetica,sans-serif; font-size: large;\">\u00a0<\/span><\/i><\/address>\n<address><span style=\"font-family: tahoma,arial,helvetica,sans-serif; font-size: medium;\"><i><span style=\"font-size: large;\">Testi e regia di Maurizio Musacchi.<\/span><\/i><\/span><\/address>\n<address>\u00a0<\/address>\n<address><div id='gallery-1' class='gallery galleryid-2269 gallery-columns-3 gallery-size-thumbnail'><figure class='gallery-item'>\n\t\t\t<div class='gallery-icon portrait'>\n\t\t\t\t<a href='http:\/\/cpsacquedottofe.it\/wordpress\/eventi-speciali\/speciale-30-anniversario-1983-2013\/26-giugno-serata-dialettale-al-centro-acquedotto\/2013-06-26-21-24-37'><img decoding=\"async\" width=\"150\" height=\"150\" src=\"http:\/\/cpsacquedottofe.it\/wordpress\/wp-content\/uploads\/2013\/06\/2013-06-26-21.24.37-150x150.jpg\" class=\"attachment-thumbnail size-thumbnail\" alt=\"\" \/><\/a>\n\t\t\t<\/div><\/figure><figure class='gallery-item'>\n\t\t\t<div class='gallery-icon landscape'>\n\t\t\t\t<a href='http:\/\/cpsacquedottofe.it\/wordpress\/eventi-speciali\/speciale-30-anniversario-1983-2013\/26-giugno-serata-dialettale-al-centro-acquedotto\/2013-06-26-21-25-11'><img decoding=\"async\" width=\"150\" height=\"150\" src=\"http:\/\/cpsacquedottofe.it\/wordpress\/wp-content\/uploads\/2013\/06\/2013-06-26-21.25.11-150x150.jpg\" class=\"attachment-thumbnail size-thumbnail\" alt=\"\" \/><\/a>\n\t\t\t<\/div><\/figure><figure class='gallery-item'>\n\t\t\t<div class='gallery-icon landscape'>\n\t\t\t\t<a href='http:\/\/cpsacquedottofe.it\/wordpress\/eventi-speciali\/speciale-30-anniversario-1983-2013\/26-giugno-serata-dialettale-al-centro-acquedotto\/2013-06-26-21-28-54'><img decoding=\"async\" width=\"150\" height=\"150\" src=\"http:\/\/cpsacquedottofe.it\/wordpress\/wp-content\/uploads\/2013\/06\/2013-06-26-21.28.54-150x150.jpg\" class=\"attachment-thumbnail size-thumbnail\" alt=\"\" \/><\/a>\n\t\t\t<\/div><\/figure><figure class='gallery-item'>\n\t\t\t<div class='gallery-icon portrait'>\n\t\t\t\t<a href='http:\/\/cpsacquedottofe.it\/wordpress\/eventi-speciali\/speciale-30-anniversario-1983-2013\/26-giugno-serata-dialettale-al-centro-acquedotto\/2013-06-26-21-29-03'><img loading=\"lazy\" decoding=\"async\" width=\"150\" height=\"150\" src=\"http:\/\/cpsacquedottofe.it\/wordpress\/wp-content\/uploads\/2013\/06\/2013-06-26-21.29.03-150x150.jpg\" class=\"attachment-thumbnail size-thumbnail\" alt=\"\" \/><\/a>\n\t\t\t<\/div><\/figure><figure class='gallery-item'>\n\t\t\t<div class='gallery-icon landscape'>\n\t\t\t\t<a href='http:\/\/cpsacquedottofe.it\/wordpress\/eventi-speciali\/speciale-30-anniversario-1983-2013\/26-giugno-serata-dialettale-al-centro-acquedotto\/2013-06-26-21-33-02'><img loading=\"lazy\" decoding=\"async\" width=\"150\" height=\"150\" src=\"http:\/\/cpsacquedottofe.it\/wordpress\/wp-content\/uploads\/2013\/06\/2013-06-26-21.33.02-150x150.jpg\" class=\"attachment-thumbnail size-thumbnail\" alt=\"\" \/><\/a>\n\t\t\t<\/div><\/figure><figure class='gallery-item'>\n\t\t\t<div class='gallery-icon landscape'>\n\t\t\t\t<a href='http:\/\/cpsacquedottofe.it\/wordpress\/eventi-speciali\/speciale-30-anniversario-1983-2013\/26-giugno-serata-dialettale-al-centro-acquedotto\/2013-06-26-21-33-08'><img loading=\"lazy\" decoding=\"async\" width=\"150\" height=\"150\" src=\"http:\/\/cpsacquedottofe.it\/wordpress\/wp-content\/uploads\/2013\/06\/2013-06-26-21.33.08-150x150.jpg\" class=\"attachment-thumbnail size-thumbnail\" alt=\"\" \/><\/a>\n\t\t\t<\/div><\/figure><figure class='gallery-item'>\n\t\t\t<div class='gallery-icon landscape'>\n\t\t\t\t<a href='http:\/\/cpsacquedottofe.it\/wordpress\/eventi-speciali\/speciale-30-anniversario-1983-2013\/26-giugno-serata-dialettale-al-centro-acquedotto\/2013-06-26-21-33-14'><img loading=\"lazy\" decoding=\"async\" width=\"150\" height=\"150\" src=\"http:\/\/cpsacquedottofe.it\/wordpress\/wp-content\/uploads\/2013\/06\/2013-06-26-21.33.14-150x150.jpg\" class=\"attachment-thumbnail size-thumbnail\" alt=\"\" \/><\/a>\n\t\t\t<\/div><\/figure><figure class='gallery-item'>\n\t\t\t<div class='gallery-icon landscape'>\n\t\t\t\t<a href='http:\/\/cpsacquedottofe.it\/wordpress\/eventi-speciali\/speciale-30-anniversario-1983-2013\/26-giugno-serata-dialettale-al-centro-acquedotto\/2013-06-26-21-34-08'><img loading=\"lazy\" decoding=\"async\" width=\"150\" height=\"150\" src=\"http:\/\/cpsacquedottofe.it\/wordpress\/wp-content\/uploads\/2013\/06\/2013-06-26-21.34.08-150x150.jpg\" class=\"attachment-thumbnail size-thumbnail\" alt=\"\" \/><\/a>\n\t\t\t<\/div><\/figure><figure class='gallery-item'>\n\t\t\t<div class='gallery-icon portrait'>\n\t\t\t\t<a href='http:\/\/cpsacquedottofe.it\/wordpress\/eventi-speciali\/speciale-30-anniversario-1983-2013\/26-giugno-serata-dialettale-al-centro-acquedotto\/2013-06-26-21-40-20'><img loading=\"lazy\" decoding=\"async\" width=\"150\" height=\"150\" src=\"http:\/\/cpsacquedottofe.it\/wordpress\/wp-content\/uploads\/2013\/06\/2013-06-26-21.40.20-150x150.jpg\" class=\"attachment-thumbnail size-thumbnail\" alt=\"\" \/><\/a>\n\t\t\t<\/div><\/figure><figure class='gallery-item'>\n\t\t\t<div class='gallery-icon landscape'>\n\t\t\t\t<a href='http:\/\/cpsacquedottofe.it\/wordpress\/eventi-speciali\/speciale-30-anniversario-1983-2013\/26-giugno-serata-dialettale-al-centro-acquedotto\/2013-06-26-21-43-19'><img loading=\"lazy\" decoding=\"async\" width=\"150\" height=\"150\" src=\"http:\/\/cpsacquedottofe.it\/wordpress\/wp-content\/uploads\/2013\/06\/2013-06-26-21.43.19-150x150.jpg\" class=\"attachment-thumbnail size-thumbnail\" alt=\"\" \/><\/a>\n\t\t\t<\/div><\/figure><figure class='gallery-item'>\n\t\t\t<div class='gallery-icon landscape'>\n\t\t\t\t<a href='http:\/\/cpsacquedottofe.it\/wordpress\/eventi-speciali\/speciale-30-anniversario-1983-2013\/26-giugno-serata-dialettale-al-centro-acquedotto\/2013-06-26-21-43-36'><img loading=\"lazy\" decoding=\"async\" width=\"150\" height=\"150\" src=\"http:\/\/cpsacquedottofe.it\/wordpress\/wp-content\/uploads\/2013\/06\/2013-06-26-21.43.36-150x150.jpg\" class=\"attachment-thumbnail size-thumbnail\" alt=\"\" \/><\/a>\n\t\t\t<\/div><\/figure><figure class='gallery-item'>\n\t\t\t<div class='gallery-icon landscape'>\n\t\t\t\t<a href='http:\/\/cpsacquedottofe.it\/wordpress\/eventi-speciali\/speciale-30-anniversario-1983-2013\/26-giugno-serata-dialettale-al-centro-acquedotto\/2013-06-26-21-52-09'><img loading=\"lazy\" decoding=\"async\" width=\"150\" height=\"150\" src=\"http:\/\/cpsacquedottofe.it\/wordpress\/wp-content\/uploads\/2013\/06\/2013-06-26-21.52.09-150x150.jpg\" class=\"attachment-thumbnail size-thumbnail\" alt=\"\" \/><\/a>\n\t\t\t<\/div><\/figure><figure class='gallery-item'>\n\t\t\t<div class='gallery-icon portrait'>\n\t\t\t\t<a href='http:\/\/cpsacquedottofe.it\/wordpress\/eventi-speciali\/speciale-30-anniversario-1983-2013\/26-giugno-serata-dialettale-al-centro-acquedotto\/2013-06-26-21-52-15'><img loading=\"lazy\" decoding=\"async\" width=\"150\" height=\"150\" src=\"http:\/\/cpsacquedottofe.it\/wordpress\/wp-content\/uploads\/2013\/06\/2013-06-26-21.52.15-150x150.jpg\" class=\"attachment-thumbnail size-thumbnail\" alt=\"\" \/><\/a>\n\t\t\t<\/div><\/figure><figure class='gallery-item'>\n\t\t\t<div class='gallery-icon landscape'>\n\t\t\t\t<a href='http:\/\/cpsacquedottofe.it\/wordpress\/eventi-speciali\/speciale-30-anniversario-1983-2013\/26-giugno-serata-dialettale-al-centro-acquedotto\/2013-06-26-21-52-25'><img loading=\"lazy\" decoding=\"async\" width=\"150\" height=\"150\" src=\"http:\/\/cpsacquedottofe.it\/wordpress\/wp-content\/uploads\/2013\/06\/2013-06-26-21.52.25-150x150.jpg\" class=\"attachment-thumbnail size-thumbnail\" alt=\"\" \/><\/a>\n\t\t\t<\/div><\/figure><figure class='gallery-item'>\n\t\t\t<div class='gallery-icon portrait'>\n\t\t\t\t<a href='http:\/\/cpsacquedottofe.it\/wordpress\/eventi-speciali\/speciale-30-anniversario-1983-2013\/26-giugno-serata-dialettale-al-centro-acquedotto\/2013-06-26-21-54-39'><img loading=\"lazy\" decoding=\"async\" width=\"150\" height=\"150\" src=\"http:\/\/cpsacquedottofe.it\/wordpress\/wp-content\/uploads\/2013\/06\/2013-06-26-21.54.39-150x150.jpg\" class=\"attachment-thumbnail size-thumbnail\" alt=\"\" \/><\/a>\n\t\t\t<\/div><\/figure><figure class='gallery-item'>\n\t\t\t<div class='gallery-icon portrait'>\n\t\t\t\t<a href='http:\/\/cpsacquedottofe.it\/wordpress\/eventi-speciali\/speciale-30-anniversario-1983-2013\/26-giugno-serata-dialettale-al-centro-acquedotto\/2013-06-26-21-54-41'><img loading=\"lazy\" decoding=\"async\" width=\"150\" height=\"150\" src=\"http:\/\/cpsacquedottofe.it\/wordpress\/wp-content\/uploads\/2013\/06\/2013-06-26-21.54.41-150x150.jpg\" class=\"attachment-thumbnail size-thumbnail\" alt=\"\" \/><\/a>\n\t\t\t<\/div><\/figure><figure class='gallery-item'>\n\t\t\t<div class='gallery-icon portrait'>\n\t\t\t\t<a href='http:\/\/cpsacquedottofe.it\/wordpress\/eventi-speciali\/speciale-30-anniversario-1983-2013\/26-giugno-serata-dialettale-al-centro-acquedotto\/2013-06-26-21-56-39'><img loading=\"lazy\" decoding=\"async\" width=\"150\" height=\"150\" src=\"http:\/\/cpsacquedottofe.it\/wordpress\/wp-content\/uploads\/2013\/06\/2013-06-26-21.56.39-150x150.jpg\" class=\"attachment-thumbnail size-thumbnail\" alt=\"\" \/><\/a>\n\t\t\t<\/div><\/figure><figure class='gallery-item'>\n\t\t\t<div class='gallery-icon portrait'>\n\t\t\t\t<a href='http:\/\/cpsacquedottofe.it\/wordpress\/eventi-speciali\/speciale-30-anniversario-1983-2013\/26-giugno-serata-dialettale-al-centro-acquedotto\/2013-06-26-21-56-43'><img loading=\"lazy\" decoding=\"async\" width=\"150\" height=\"150\" src=\"http:\/\/cpsacquedottofe.it\/wordpress\/wp-content\/uploads\/2013\/06\/2013-06-26-21.56.43-150x150.jpg\" class=\"attachment-thumbnail size-thumbnail\" alt=\"\" \/><\/a>\n\t\t\t<\/div><\/figure><figure class='gallery-item'>\n\t\t\t<div class='gallery-icon landscape'>\n\t\t\t\t<a href='http:\/\/cpsacquedottofe.it\/wordpress\/eventi-speciali\/speciale-30-anniversario-1983-2013\/26-giugno-serata-dialettale-al-centro-acquedotto\/2013-06-26-22-14-03'><img loading=\"lazy\" decoding=\"async\" width=\"150\" height=\"150\" src=\"http:\/\/cpsacquedottofe.it\/wordpress\/wp-content\/uploads\/2013\/06\/2013-06-26-22.14.03-150x150.jpg\" class=\"attachment-thumbnail size-thumbnail\" alt=\"\" \/><\/a>\n\t\t\t<\/div><\/figure><figure class='gallery-item'>\n\t\t\t<div class='gallery-icon landscape'>\n\t\t\t\t<a href='http:\/\/cpsacquedottofe.it\/wordpress\/eventi-speciali\/speciale-30-anniversario-1983-2013\/26-giugno-serata-dialettale-al-centro-acquedotto\/2013-06-26-22-14-07'><img loading=\"lazy\" decoding=\"async\" width=\"150\" height=\"150\" src=\"http:\/\/cpsacquedottofe.it\/wordpress\/wp-content\/uploads\/2013\/06\/2013-06-26-22.14.07-150x150.jpg\" class=\"attachment-thumbnail size-thumbnail\" alt=\"\" \/><\/a>\n\t\t\t<\/div><\/figure><figure class='gallery-item'>\n\t\t\t<div class='gallery-icon portrait'>\n\t\t\t\t<a href='http:\/\/cpsacquedottofe.it\/wordpress\/eventi-speciali\/speciale-30-anniversario-1983-2013\/26-giugno-serata-dialettale-al-centro-acquedotto\/2013-06-26-22-14-24'><img loading=\"lazy\" decoding=\"async\" width=\"150\" height=\"150\" src=\"http:\/\/cpsacquedottofe.it\/wordpress\/wp-content\/uploads\/2013\/06\/2013-06-26-22.14.24-150x150.jpg\" class=\"attachment-thumbnail size-thumbnail\" alt=\"\" \/><\/a>\n\t\t\t<\/div><\/figure><figure class='gallery-item'>\n\t\t\t<div class='gallery-icon landscape'>\n\t\t\t\t<a href='http:\/\/cpsacquedottofe.it\/wordpress\/eventi-speciali\/speciale-30-anniversario-1983-2013\/26-giugno-serata-dialettale-al-centro-acquedotto\/2013-06-26-22-19-11'><img loading=\"lazy\" decoding=\"async\" width=\"150\" height=\"150\" src=\"http:\/\/cpsacquedottofe.it\/wordpress\/wp-content\/uploads\/2013\/06\/2013-06-26-22.19.11-150x150.jpg\" class=\"attachment-thumbnail size-thumbnail\" alt=\"\" \/><\/a>\n\t\t\t<\/div><\/figure><figure class='gallery-item'>\n\t\t\t<div class='gallery-icon landscape'>\n\t\t\t\t<a href='http:\/\/cpsacquedottofe.it\/wordpress\/eventi-speciali\/speciale-30-anniversario-1983-2013\/26-giugno-serata-dialettale-al-centro-acquedotto\/2013-06-26-22-19-18'><img loading=\"lazy\" decoding=\"async\" width=\"150\" height=\"150\" src=\"http:\/\/cpsacquedottofe.it\/wordpress\/wp-content\/uploads\/2013\/06\/2013-06-26-22.19.18-150x150.jpg\" class=\"attachment-thumbnail size-thumbnail\" alt=\"\" \/><\/a>\n\t\t\t<\/div><\/figure><figure class='gallery-item'>\n\t\t\t<div class='gallery-icon landscape'>\n\t\t\t\t<a href='http:\/\/cpsacquedottofe.it\/wordpress\/eventi-speciali\/speciale-30-anniversario-1983-2013\/26-giugno-serata-dialettale-al-centro-acquedotto\/2013-06-26-22-19-23'><img loading=\"lazy\" decoding=\"async\" width=\"150\" height=\"150\" src=\"http:\/\/cpsacquedottofe.it\/wordpress\/wp-content\/uploads\/2013\/06\/2013-06-26-22.19.23-150x150.jpg\" class=\"attachment-thumbnail size-thumbnail\" alt=\"\" \/><\/a>\n\t\t\t<\/div><\/figure>\n\t\t<\/div>\n<\/p>\n<\/address>\n<address>\u00a0<\/address>\n<address>\u00a0<\/address>\n<address>\u00a0 \u00a0 \u00a0 \u00a0 \u00a0 \u00a0 \u00a0 \u00a0 \u00a0 \u00a0 \u00a0 \u00a0 \u00a0 \u00a0 \u00a0 \u00a0 \u00a0 \u00a0 \u00a0 \u00a0 \u00a0 \u00a0 \u00a0 \u00a0 \u00a0 \u00a0 \u00a0 \u00a0 \u00a0 \u00a0 \u00a0 \u00a0 \u00a0 \u00a0 \u00a0 \u00a0 Last edited by admin on 19\/03\/2014<\/address>\n","protected":false},"excerpt":{"rendered":"<p>Ridar ad cuor c\u00f2l dialet La Compagnia dialettale &#8220;Ragaz\u00ect da &#8216;na v\u00f2lta&#8221; presenta &#8220;Cab\u00e0ret in frar\u00e9s&#8221;, ridar ad cuor, c\u00f2l dialet.\u00a0 \u00a0 [&hellip;]<\/p>\n","protected":false},"author":3,"featured_media":0,"parent":2106,"menu_order":0,"comment_status":"closed","ping_status":"closed","template":"sidebar-page.php","meta":{"_lmt_disableupdate":"","_lmt_disable":"","_monsterinsights_skip_tracking":false,"_monsterinsights_sitenote_active":false,"_monsterinsights_sitenote_note":"","_monsterinsights_sitenote_category":0,"footnotes":""},"class_list":["post-2269","page","type-page","status-publish","hentry"],"aioseo_notices":[],"_links":{"self":[{"href":"http:\/\/cpsacquedottofe.it\/wordpress\/wp-json\/wp\/v2\/pages\/2269","targetHints":{"allow":["GET"]}}],"collection":[{"href":"http:\/\/cpsacquedottofe.it\/wordpress\/wp-json\/wp\/v2\/pages"}],"about":[{"href":"http:\/\/cpsacquedottofe.it\/wordpress\/wp-json\/wp\/v2\/types\/page"}],"author":[{"embeddable":true,"href":"http:\/\/cpsacquedottofe.it\/wordpress\/wp-json\/wp\/v2\/users\/3"}],"replies":[{"embeddable":true,"href":"http:\/\/cpsacquedottofe.it\/wordpress\/wp-json\/wp\/v2\/comments?post=2269"}],"version-history":[{"count":3,"href":"http:\/\/cpsacquedottofe.it\/wordpress\/wp-json\/wp\/v2\/pages\/2269\/revisions"}],"predecessor-version":[{"id":3634,"href":"http:\/\/cpsacquedottofe.it\/wordpress\/wp-json\/wp\/v2\/pages\/2269\/revisions\/3634"}],"up":[{"embeddable":true,"href":"http:\/\/cpsacquedottofe.it\/wordpress\/wp-json\/wp\/v2\/pages\/2106"}],"wp:attachment":[{"href":"http:\/\/cpsacquedottofe.it\/wordpress\/wp-json\/wp\/v2\/media?parent=2269"}],"curies":[{"name":"wp","href":"https:\/\/api.w.org\/{rel}","templated":true}]}}