{"id":2299,"date":"2013-07-07T11:42:39","date_gmt":"2013-07-07T10:42:39","guid":{"rendered":"http:\/\/cpsacquedottofe.it\/wordpress\/?page_id=2299"},"modified":"2018-07-18T09:47:34","modified_gmt":"2018-07-18T08:47:34","slug":"esibizione-banda-comunale-f-musi-3-luglio","status":"publish","type":"page","link":"http:\/\/cpsacquedottofe.it\/wordpress\/eventi-speciali\/speciale-30-anniversario-1983-2013\/esibizione-banda-comunale-f-musi-3-luglio","title":{"rendered":"Esibizione Banda comunale F. Musi &#8211; 3 luglio"},"content":{"rendered":"<p style=\"text-align: center;\"><span style=\"font-size: small;\"><b>MERCOLEDI&#8217; 3 LUGLIO, ORE 21.00<\/b><\/span><\/p>\n<p style=\"text-align: center;\"><b style=\"font-size: small;\">BANDA MUSI AL CENTRO ACQUEDOTTO<\/b><\/p>\n<p style=\"text-align: center;\"><i style=\"font-size: small;\">Esibizione della storica banda filarmonica della Citt\u00e0 di Ferrara, diretta dal Maestro Stefano Caleffi.<\/i><\/p>\n<p style=\"text-align: left;\"><em style=\"text-align: left;\">Serata speciale al Centro Acquedotto di Corso Isonzo 42\/a. Mercoledi di mezza estate in musica con la Banda Filarmonica Comunale F.Musi diretta dal M\u00b0 Stefano Caleffi, che si ripresenta in citt\u00e0 in veste concertistica dopo i tradizionali appuntamenti di Aprile e Maggio. Il repertorio proposto, a partire dalle ore 21, come sempre unisce la tradizione alla modernit\u00e0, in un&#8217;escursione dinamica, brillante e coinvolgente che riserva sempre qualche sorpresa tra cui alcuni brani interpretati dalle voci di Marco Vinicio Ferrazzi e Roberta Righi.\u00a0\u00a0L\u2019impegno del gruppo, in questa occasione pi\u00f9 che mai, \u00e8 ancora una volta quello di entrare nella quotidianit\u00e0 delle persone con la speranza di risvegliare in chi ci ascolta il desiderio di portare la musica nella propria vita, attraverso le vibrazioni sonore che solo un complesso di fiati di tali dimensioni \u00e8 capace di regalare.<\/em><\/p>\n<p style=\"text-align: left;\"><em>La notizia su <a href=\"http:\/\/www.estense.com\/?p=312621\">Estense.com<\/a><\/em><\/p>\n<p style=\"text-align: left;\">(alcune immagini della serata &#8211; l&#8217;album completo sulla nostra pagina <a href=\"https:\/\/www.facebook.com\/centro.acquedotto\">Facebook<\/a>)<\/p>\n<div style=\"text-align: left;\">\n<div id='gallery-1' class='gallery galleryid-2299 gallery-columns-3 gallery-size-thumbnail'><figure class='gallery-item'>\n\t\t\t<div class='gallery-icon portrait'>\n\t\t\t\t<a href='http:\/\/cpsacquedottofe.it\/wordpress\/eventi-speciali\/speciale-30-anniversario-1983-2013\/esibizione-banda-comunale-f-musi-3-luglio\/2013-07-03-20-38-31'><img decoding=\"async\" width=\"150\" height=\"150\" src=\"http:\/\/cpsacquedottofe.it\/wordpress\/wp-content\/uploads\/2013\/07\/2013-07-03-20.38.31-150x150.jpg\" class=\"attachment-thumbnail size-thumbnail\" alt=\"\" \/><\/a>\n\t\t\t<\/div><\/figure><figure class='gallery-item'>\n\t\t\t<div class='gallery-icon portrait'>\n\t\t\t\t<a href='http:\/\/cpsacquedottofe.it\/wordpress\/eventi-speciali\/speciale-30-anniversario-1983-2013\/esibizione-banda-comunale-f-musi-3-luglio\/2013-07-03-20-38-34'><img decoding=\"async\" width=\"150\" height=\"150\" src=\"http:\/\/cpsacquedottofe.it\/wordpress\/wp-content\/uploads\/2013\/07\/2013-07-03-20.38.34-150x150.jpg\" class=\"attachment-thumbnail size-thumbnail\" alt=\"\" \/><\/a>\n\t\t\t<\/div><\/figure><figure class='gallery-item'>\n\t\t\t<div class='gallery-icon portrait'>\n\t\t\t\t<a href='http:\/\/cpsacquedottofe.it\/wordpress\/eventi-speciali\/speciale-30-anniversario-1983-2013\/esibizione-banda-comunale-f-musi-3-luglio\/2013-07-03-20-39-08'><img decoding=\"async\" width=\"150\" height=\"150\" src=\"http:\/\/cpsacquedottofe.it\/wordpress\/wp-content\/uploads\/2013\/07\/2013-07-03-20.39.08-150x150.jpg\" class=\"attachment-thumbnail size-thumbnail\" alt=\"\" \/><\/a>\n\t\t\t<\/div><\/figure><figure class='gallery-item'>\n\t\t\t<div class='gallery-icon portrait'>\n\t\t\t\t<a href='http:\/\/cpsacquedottofe.it\/wordpress\/eventi-speciali\/speciale-30-anniversario-1983-2013\/esibizione-banda-comunale-f-musi-3-luglio\/2013-07-03-20-39-27'><img loading=\"lazy\" decoding=\"async\" width=\"150\" height=\"150\" src=\"http:\/\/cpsacquedottofe.it\/wordpress\/wp-content\/uploads\/2013\/07\/2013-07-03-20.39.27-150x150.jpg\" class=\"attachment-thumbnail size-thumbnail\" alt=\"\" \/><\/a>\n\t\t\t<\/div><\/figure><figure class='gallery-item'>\n\t\t\t<div class='gallery-icon landscape'>\n\t\t\t\t<a href='http:\/\/cpsacquedottofe.it\/wordpress\/eventi-speciali\/speciale-30-anniversario-1983-2013\/esibizione-banda-comunale-f-musi-3-luglio\/2013-07-03-20-39-33'><img loading=\"lazy\" decoding=\"async\" width=\"150\" height=\"150\" src=\"http:\/\/cpsacquedottofe.it\/wordpress\/wp-content\/uploads\/2013\/07\/2013-07-03-20.39.33-150x150.jpg\" class=\"attachment-thumbnail size-thumbnail\" alt=\"\" \/><\/a>\n\t\t\t<\/div><\/figure><figure class='gallery-item'>\n\t\t\t<div class='gallery-icon landscape'>\n\t\t\t\t<a href='http:\/\/cpsacquedottofe.it\/wordpress\/eventi-speciali\/speciale-30-anniversario-1983-2013\/esibizione-banda-comunale-f-musi-3-luglio\/2013-07-03-20-39-44'><img loading=\"lazy\" decoding=\"async\" width=\"150\" height=\"150\" src=\"http:\/\/cpsacquedottofe.it\/wordpress\/wp-content\/uploads\/2013\/07\/2013-07-03-20.39.44-150x150.jpg\" class=\"attachment-thumbnail size-thumbnail\" alt=\"\" \/><\/a>\n\t\t\t<\/div><\/figure><figure class='gallery-item'>\n\t\t\t<div class='gallery-icon landscape'>\n\t\t\t\t<a href='http:\/\/cpsacquedottofe.it\/wordpress\/eventi-speciali\/speciale-30-anniversario-1983-2013\/esibizione-banda-comunale-f-musi-3-luglio\/2013-07-03-20-41-58'><img loading=\"lazy\" decoding=\"async\" width=\"150\" height=\"150\" src=\"http:\/\/cpsacquedottofe.it\/wordpress\/wp-content\/uploads\/2013\/07\/2013-07-03-20.41.58-150x150.jpg\" class=\"attachment-thumbnail size-thumbnail\" alt=\"\" \/><\/a>\n\t\t\t<\/div><\/figure><figure class='gallery-item'>\n\t\t\t<div class='gallery-icon portrait'>\n\t\t\t\t<a href='http:\/\/cpsacquedottofe.it\/wordpress\/eventi-speciali\/speciale-30-anniversario-1983-2013\/esibizione-banda-comunale-f-musi-3-luglio\/2013-07-03-21-13-50'><img loading=\"lazy\" decoding=\"async\" width=\"150\" height=\"150\" src=\"http:\/\/cpsacquedottofe.it\/wordpress\/wp-content\/uploads\/2013\/07\/2013-07-03-21.13.50-150x150.jpg\" class=\"attachment-thumbnail size-thumbnail\" alt=\"\" \/><\/a>\n\t\t\t<\/div><\/figure><figure class='gallery-item'>\n\t\t\t<div class='gallery-icon landscape'>\n\t\t\t\t<a href='http:\/\/cpsacquedottofe.it\/wordpress\/eventi-speciali\/speciale-30-anniversario-1983-2013\/esibizione-banda-comunale-f-musi-3-luglio\/2013-07-03-21-14-25'><img loading=\"lazy\" decoding=\"async\" width=\"150\" height=\"150\" src=\"http:\/\/cpsacquedottofe.it\/wordpress\/wp-content\/uploads\/2013\/07\/2013-07-03-21.14.25-150x150.jpg\" class=\"attachment-thumbnail size-thumbnail\" alt=\"\" \/><\/a>\n\t\t\t<\/div><\/figure><figure class='gallery-item'>\n\t\t\t<div class='gallery-icon landscape'>\n\t\t\t\t<a href='http:\/\/cpsacquedottofe.it\/wordpress\/eventi-speciali\/speciale-30-anniversario-1983-2013\/esibizione-banda-comunale-f-musi-3-luglio\/2013-07-03-21-14-32'><img loading=\"lazy\" decoding=\"async\" width=\"150\" height=\"150\" src=\"http:\/\/cpsacquedottofe.it\/wordpress\/wp-content\/uploads\/2013\/07\/2013-07-03-21.14.32-150x150.jpg\" class=\"attachment-thumbnail size-thumbnail\" alt=\"\" \/><\/a>\n\t\t\t<\/div><\/figure><figure class='gallery-item'>\n\t\t\t<div class='gallery-icon portrait'>\n\t\t\t\t<a href='http:\/\/cpsacquedottofe.it\/wordpress\/eventi-speciali\/speciale-30-anniversario-1983-2013\/esibizione-banda-comunale-f-musi-3-luglio\/2013-07-03-21-38-19'><img loading=\"lazy\" decoding=\"async\" width=\"150\" height=\"150\" src=\"http:\/\/cpsacquedottofe.it\/wordpress\/wp-content\/uploads\/2013\/07\/2013-07-03-21.38.19-150x150.jpg\" class=\"attachment-thumbnail size-thumbnail\" alt=\"\" \/><\/a>\n\t\t\t<\/div><\/figure><figure class='gallery-item'>\n\t\t\t<div class='gallery-icon portrait'>\n\t\t\t\t<a href='http:\/\/cpsacquedottofe.it\/wordpress\/eventi-speciali\/speciale-30-anniversario-1983-2013\/esibizione-banda-comunale-f-musi-3-luglio\/2013-07-03-21-38-44'><img loading=\"lazy\" decoding=\"async\" width=\"150\" height=\"150\" src=\"http:\/\/cpsacquedottofe.it\/wordpress\/wp-content\/uploads\/2013\/07\/2013-07-03-21.38.44-150x150.jpg\" class=\"attachment-thumbnail size-thumbnail\" alt=\"\" \/><\/a>\n\t\t\t<\/div><\/figure><figure class='gallery-item'>\n\t\t\t<div class='gallery-icon portrait'>\n\t\t\t\t<a href='http:\/\/cpsacquedottofe.it\/wordpress\/eventi-speciali\/speciale-30-anniversario-1983-2013\/esibizione-banda-comunale-f-musi-3-luglio\/2013-07-03-21-38-50'><img loading=\"lazy\" decoding=\"async\" width=\"150\" height=\"150\" src=\"http:\/\/cpsacquedottofe.it\/wordpress\/wp-content\/uploads\/2013\/07\/2013-07-03-21.38.50-150x150.jpg\" class=\"attachment-thumbnail size-thumbnail\" alt=\"\" \/><\/a>\n\t\t\t<\/div><\/figure><figure class='gallery-item'>\n\t\t\t<div class='gallery-icon landscape'>\n\t\t\t\t<a href='http:\/\/cpsacquedottofe.it\/wordpress\/eventi-speciali\/speciale-30-anniversario-1983-2013\/esibizione-banda-comunale-f-musi-3-luglio\/2013-07-03-21-39-20'><img loading=\"lazy\" decoding=\"async\" width=\"150\" height=\"150\" src=\"http:\/\/cpsacquedottofe.it\/wordpress\/wp-content\/uploads\/2013\/07\/2013-07-03-21.39.20-150x150.jpg\" class=\"attachment-thumbnail size-thumbnail\" alt=\"\" \/><\/a>\n\t\t\t<\/div><\/figure><figure class='gallery-item'>\n\t\t\t<div class='gallery-icon landscape'>\n\t\t\t\t<a href='http:\/\/cpsacquedottofe.it\/wordpress\/eventi-speciali\/speciale-30-anniversario-1983-2013\/esibizione-banda-comunale-f-musi-3-luglio\/2013-07-03-21-39-32'><img loading=\"lazy\" decoding=\"async\" width=\"150\" height=\"150\" src=\"http:\/\/cpsacquedottofe.it\/wordpress\/wp-content\/uploads\/2013\/07\/2013-07-03-21.39.32-150x150.jpg\" class=\"attachment-thumbnail size-thumbnail\" alt=\"\" \/><\/a>\n\t\t\t<\/div><\/figure><figure class='gallery-item'>\n\t\t\t<div class='gallery-icon landscape'>\n\t\t\t\t<a href='http:\/\/cpsacquedottofe.it\/wordpress\/eventi-speciali\/speciale-30-anniversario-1983-2013\/esibizione-banda-comunale-f-musi-3-luglio\/2013-07-03-21-39-41'><img loading=\"lazy\" decoding=\"async\" width=\"150\" height=\"150\" src=\"http:\/\/cpsacquedottofe.it\/wordpress\/wp-content\/uploads\/2013\/07\/2013-07-03-21.39.41-150x150.jpg\" class=\"attachment-thumbnail size-thumbnail\" alt=\"\" \/><\/a>\n\t\t\t<\/div><\/figure><figure class='gallery-item'>\n\t\t\t<div class='gallery-icon landscape'>\n\t\t\t\t<a href='http:\/\/cpsacquedottofe.it\/wordpress\/eventi-speciali\/speciale-30-anniversario-1983-2013\/esibizione-banda-comunale-f-musi-3-luglio\/2013-07-03-21-39-50'><img loading=\"lazy\" decoding=\"async\" width=\"150\" height=\"150\" src=\"http:\/\/cpsacquedottofe.it\/wordpress\/wp-content\/uploads\/2013\/07\/2013-07-03-21.39.50-150x150.jpg\" class=\"attachment-thumbnail size-thumbnail\" alt=\"\" \/><\/a>\n\t\t\t<\/div><\/figure><figure class='gallery-item'>\n\t\t\t<div class='gallery-icon landscape'>\n\t\t\t\t<a href='http:\/\/cpsacquedottofe.it\/wordpress\/eventi-speciali\/speciale-30-anniversario-1983-2013\/esibizione-banda-comunale-f-musi-3-luglio\/2013-07-03-22-08-18'><img loading=\"lazy\" decoding=\"async\" width=\"150\" height=\"150\" src=\"http:\/\/cpsacquedottofe.it\/wordpress\/wp-content\/uploads\/2013\/07\/2013-07-03-22.08.18-150x150.jpg\" class=\"attachment-thumbnail size-thumbnail\" alt=\"\" \/><\/a>\n\t\t\t<\/div><\/figure><figure class='gallery-item'>\n\t\t\t<div class='gallery-icon landscape'>\n\t\t\t\t<a href='http:\/\/cpsacquedottofe.it\/wordpress\/eventi-speciali\/speciale-30-anniversario-1983-2013\/esibizione-banda-comunale-f-musi-3-luglio\/2013-07-03-22-08-35'><img loading=\"lazy\" decoding=\"async\" width=\"150\" height=\"150\" src=\"http:\/\/cpsacquedottofe.it\/wordpress\/wp-content\/uploads\/2013\/07\/2013-07-03-22.08.35-150x150.jpg\" class=\"attachment-thumbnail size-thumbnail\" alt=\"\" \/><\/a>\n\t\t\t<\/div><\/figure><figure class='gallery-item'>\n\t\t\t<div class='gallery-icon portrait'>\n\t\t\t\t<a href='http:\/\/cpsacquedottofe.it\/wordpress\/eventi-speciali\/speciale-30-anniversario-1983-2013\/esibizione-banda-comunale-f-musi-3-luglio\/2013-07-03-22-20-43'><img loading=\"lazy\" decoding=\"async\" width=\"150\" height=\"150\" src=\"http:\/\/cpsacquedottofe.it\/wordpress\/wp-content\/uploads\/2013\/07\/2013-07-03-22.20.43-150x150.jpg\" class=\"attachment-thumbnail size-thumbnail\" alt=\"\" \/><\/a>\n\t\t\t<\/div><\/figure><figure class='gallery-item'>\n\t\t\t<div class='gallery-icon portrait'>\n\t\t\t\t<a href='http:\/\/cpsacquedottofe.it\/wordpress\/eventi-speciali\/speciale-30-anniversario-1983-2013\/esibizione-banda-comunale-f-musi-3-luglio\/2013-07-03-22-20-50'><img loading=\"lazy\" decoding=\"async\" width=\"150\" height=\"150\" src=\"http:\/\/cpsacquedottofe.it\/wordpress\/wp-content\/uploads\/2013\/07\/2013-07-03-22.20.50-150x150.jpg\" class=\"attachment-thumbnail size-thumbnail\" alt=\"\" \/><\/a>\n\t\t\t<\/div><\/figure><figure class='gallery-item'>\n\t\t\t<div class='gallery-icon landscape'>\n\t\t\t\t<a href='http:\/\/cpsacquedottofe.it\/wordpress\/eventi-speciali\/speciale-30-anniversario-1983-2013\/esibizione-banda-comunale-f-musi-3-luglio\/2013-07-03-22-20-57'><img loading=\"lazy\" decoding=\"async\" width=\"150\" height=\"150\" src=\"http:\/\/cpsacquedottofe.it\/wordpress\/wp-content\/uploads\/2013\/07\/2013-07-03-22.20.57-150x150.jpg\" class=\"attachment-thumbnail size-thumbnail\" alt=\"\" \/><\/a>\n\t\t\t<\/div><\/figure>\n\t\t<\/div>\n\n<p>&nbsp;<\/p>\n<p>&nbsp;<\/p>\n<p style=\"text-align: right;\">Last edited by admin on 19\/03\/2014<\/p>\n<\/div>\n","protected":false},"excerpt":{"rendered":"<p>MERCOLEDI&#8217; 3 LUGLIO, ORE 21.00 BANDA MUSI AL CENTRO ACQUEDOTTO Esibizione della storica banda filarmonica della Citt\u00e0 di Ferrara, diretta dal Maestro [&hellip;]<\/p>\n","protected":false},"author":3,"featured_media":0,"parent":2106,"menu_order":0,"comment_status":"closed","ping_status":"closed","template":"sidebar-page.php","meta":{"_lmt_disableupdate":"","_lmt_disable":"","_monsterinsights_skip_tracking":false,"_monsterinsights_sitenote_active":false,"_monsterinsights_sitenote_note":"","_monsterinsights_sitenote_category":0,"footnotes":""},"class_list":["post-2299","page","type-page","status-publish","hentry"],"aioseo_notices":[],"_links":{"self":[{"href":"http:\/\/cpsacquedottofe.it\/wordpress\/wp-json\/wp\/v2\/pages\/2299","targetHints":{"allow":["GET"]}}],"collection":[{"href":"http:\/\/cpsacquedottofe.it\/wordpress\/wp-json\/wp\/v2\/pages"}],"about":[{"href":"http:\/\/cpsacquedottofe.it\/wordpress\/wp-json\/wp\/v2\/types\/page"}],"author":[{"embeddable":true,"href":"http:\/\/cpsacquedottofe.it\/wordpress\/wp-json\/wp\/v2\/users\/3"}],"replies":[{"embeddable":true,"href":"http:\/\/cpsacquedottofe.it\/wordpress\/wp-json\/wp\/v2\/comments?post=2299"}],"version-history":[{"count":9,"href":"http:\/\/cpsacquedottofe.it\/wordpress\/wp-json\/wp\/v2\/pages\/2299\/revisions"}],"predecessor-version":[{"id":3636,"href":"http:\/\/cpsacquedottofe.it\/wordpress\/wp-json\/wp\/v2\/pages\/2299\/revisions\/3636"}],"up":[{"embeddable":true,"href":"http:\/\/cpsacquedottofe.it\/wordpress\/wp-json\/wp\/v2\/pages\/2106"}],"wp:attachment":[{"href":"http:\/\/cpsacquedottofe.it\/wordpress\/wp-json\/wp\/v2\/media?parent=2299"}],"curies":[{"name":"wp","href":"https:\/\/api.w.org\/{rel}","templated":true}]}}