{"id":40,"date":"2011-06-01T14:15:12","date_gmt":"2011-06-01T13:15:12","guid":{"rendered":"http:\/\/cpsacquedottofe.it\/wordpress\/?page_id=40"},"modified":"2025-02-02T12:07:37","modified_gmt":"2025-02-02T11:07:37","slug":"informazioni-soci","status":"publish","type":"page","link":"http:\/\/cpsacquedottofe.it\/wordpress\/informazioni-soci","title":{"rendered":"Diventare Soci"},"content":{"rendered":"\n<figure class=\"wp-block-image aligncenter size-large is-resized\"><a href=\"http:\/\/cpsacquedottofe.it\/wordpress\/wp-content\/uploads\/2025\/02\/Screenshot-2025-02-02-alle-12.06.09.png\"><img fetchpriority=\"high\" decoding=\"async\" width=\"732\" height=\"1024\" src=\"http:\/\/cpsacquedottofe.it\/wordpress\/wp-content\/uploads\/2025\/02\/Screenshot-2025-02-02-alle-12.06.09-732x1024.png\" alt=\"\" class=\"wp-image-7269\" style=\"width:262px;height:auto\" srcset=\"http:\/\/cpsacquedottofe.it\/wordpress\/wp-content\/uploads\/2025\/02\/Screenshot-2025-02-02-alle-12.06.09-732x1024.png 732w, http:\/\/cpsacquedottofe.it\/wordpress\/wp-content\/uploads\/2025\/02\/Screenshot-2025-02-02-alle-12.06.09-214x300.png 214w, http:\/\/cpsacquedottofe.it\/wordpress\/wp-content\/uploads\/2025\/02\/Screenshot-2025-02-02-alle-12.06.09-768x1074.png 768w, http:\/\/cpsacquedottofe.it\/wordpress\/wp-content\/uploads\/2025\/02\/Screenshot-2025-02-02-alle-12.06.09.png 782w\" sizes=\"(max-width: 732px) 100vw, 732px\" \/><\/a><\/figure>\n\n\n\n<p>Come da <a href=\"http:\/\/cpsacquedottofe.it\/wordpress\/comitato-di-gestione-e-statuto\" title=\"Comitato di gestione e Statuto\">Statuto<\/a>, art. 7, &#8220;possono aderire all\u2019Associazione, senza alcun tipo di discriminazione, in qualit\u00e0 di soci, tutti coloro che condividono le finalit\u00e0 del Centro, sono mossi da spirito di solidariet\u00e0 ed accettano il presente statuto (possono essere sia persone fisiche, sia persone giuridiche private senza scopo di lucro o economico). Tutti i soci hanno gli stessi diritti e gli stessi doveri&#8221;.<\/p>\n\n\n\n<p>La quota associativa di <strong>13 euro<\/strong>, annuale, permette l&#8217;ingresso nei locali della sede e di tutti i Centri ANCeSCAO d&#8217;Italia, la partecipazione alle attivit\u00e0 del Centro e i benefici legati ad eventuali <a title=\"Convenzioni\" href=\"http:\/\/cpsacquedottofe.it\/wordpress\/convenzioni\">convenzioni<\/a> stipulate. Contiene in s\u00e9 una copertura assicurativa contro eventuali infortuni.<\/p>\n\n\n\n<p>Per informazioni e iscrizioni, rapportarsi ai nostri <a title=\"Contatti e orari\" href=\"http:\/\/cpsacquedottofe.it\/wordpress\/contatti-e-orari\">contatti<\/a> o al personale di segreteria in <a title=\"Sede \u2013 dove siamo\" href=\"http:\/\/cpsacquedottofe.it\/wordpress\/sede-dove-siamo\">sede<\/a>.<\/p>\n\n\n\n<p><em><strong>Compila il <a href=\"http:\/\/cpsacquedottofe.it\/wordpress\/informazioni-soci\/modulo-tesseramento\">modulo di adesione<\/a>.<\/strong><br><\/em><\/p>\n\n\n\n<p>Info ed iscrizioni in Segreteria o scrivendo a centrocorsoisonzo@gmail.com<\/p>\n\n\n\n<p><em><span style=\"color: #000000;\">Leggi anche: <\/span><\/em><\/p>\n\n\n\n<ul class=\"wp-block-list\">\n<li><strong><a href=\"http:\/\/cpsacquedottofe.it\/wordpress\/informazioni-soci\/5x1000-al-centro\" title=\"Contributi al Centro\">Come contribuire all&#8217;attivit\u00e0 del Centro<\/a><\/strong><\/li>\n<\/ul>\n\n\n\n<pre class=\"wp-block-preformatted\"><\/pre>\n","protected":false},"excerpt":{"rendered":"<p>Come da Statuto, art. 7, &#8220;possono aderire all\u2019Associazione, senza alcun tipo di discriminazione, in qualit\u00e0 di soci, tutti coloro che condividono le [&hellip;]<\/p>\n","protected":false},"author":3,"featured_media":0,"parent":0,"menu_order":0,"comment_status":"open","ping_status":"closed","template":"","meta":{"_lmt_disableupdate":"","_lmt_disable":"","_monsterinsights_skip_tracking":false,"_monsterinsights_sitenote_active":false,"_monsterinsights_sitenote_note":"","_monsterinsights_sitenote_category":0,"footnotes":""},"class_list":["post-40","page","type-page","status-publish","hentry"],"aioseo_notices":[],"_links":{"self":[{"href":"http:\/\/cpsacquedottofe.it\/wordpress\/wp-json\/wp\/v2\/pages\/40","targetHints":{"allow":["GET"]}}],"collection":[{"href":"http:\/\/cpsacquedottofe.it\/wordpress\/wp-json\/wp\/v2\/pages"}],"about":[{"href":"http:\/\/cpsacquedottofe.it\/wordpress\/wp-json\/wp\/v2\/types\/page"}],"author":[{"embeddable":true,"href":"http:\/\/cpsacquedottofe.it\/wordpress\/wp-json\/wp\/v2\/users\/3"}],"replies":[{"embeddable":true,"href":"http:\/\/cpsacquedottofe.it\/wordpress\/wp-json\/wp\/v2\/comments?post=40"}],"version-history":[{"count":42,"href":"http:\/\/cpsacquedottofe.it\/wordpress\/wp-json\/wp\/v2\/pages\/40\/revisions"}],"predecessor-version":[{"id":7270,"href":"http:\/\/cpsacquedottofe.it\/wordpress\/wp-json\/wp\/v2\/pages\/40\/revisions\/7270"}],"wp:attachment":[{"href":"http:\/\/cpsacquedottofe.it\/wordpress\/wp-json\/wp\/v2\/media?parent=40"}],"curies":[{"name":"wp","href":"https:\/\/api.w.org\/{rel}","templated":true}]}}