{"id":6526,"date":"2020-04-17T15:22:04","date_gmt":"2020-04-17T14:22:04","guid":{"rendered":"http:\/\/cpsacquedottofe.it\/wordpress\/?page_id=6526"},"modified":"2021-08-03T15:19:23","modified_gmt":"2021-08-03T14:19:23","slug":"comunicazioni-ai-soci","status":"publish","type":"page","link":"http:\/\/cpsacquedottofe.it\/wordpress\/attivita\/rimaniamo-in-contatto\/comunicazioni-ai-soci","title":{"rendered":"Comunicazioni ai soci"},"content":{"rendered":"<div class=\"gmail_default\" style=\"text-align: right;\">30\/07\/2021<\/div>\n<div class=\"gmail_default\" style=\"text-align: left;\">\n<div style=\"text-align: left;\"><a href=\"http:\/\/cpsacquedottofe.it\/wordpress\/wp-content\/uploads\/2020\/04\/icona-green-pass-581f6f67.jpeg\"><img fetchpriority=\"high\" decoding=\"async\" class=\"alignleft size-medium wp-image-6666\" src=\"http:\/\/cpsacquedottofe.it\/wordpress\/wp-content\/uploads\/2020\/04\/icona-green-pass-581f6f67-300x300.jpeg\" alt=\"icona-green-pass-581f6f67\" width=\"300\" height=\"300\" srcset=\"http:\/\/cpsacquedottofe.it\/wordpress\/wp-content\/uploads\/2020\/04\/icona-green-pass-581f6f67-300x300.jpeg 300w, http:\/\/cpsacquedottofe.it\/wordpress\/wp-content\/uploads\/2020\/04\/icona-green-pass-581f6f67-150x150.jpeg 150w, http:\/\/cpsacquedottofe.it\/wordpress\/wp-content\/uploads\/2020\/04\/icona-green-pass-581f6f67-768x768.jpeg 768w, http:\/\/cpsacquedottofe.it\/wordpress\/wp-content\/uploads\/2020\/04\/icona-green-pass-581f6f67-1024x1024.jpeg 1024w, http:\/\/cpsacquedottofe.it\/wordpress\/wp-content\/uploads\/2020\/04\/icona-green-pass-581f6f67.jpeg 1920w\" sizes=\"(max-width: 300px) 100vw, 300px\" \/><\/a>Il Decreto Legge 23 luglio 2021 nr. 105 prevede l\u2019estensione dell\u2019utilizzo della Certificazione verde Covid-19 (Green Pass) a diverse attivit\u00e0 \u2013 tra cui i nostri Centri Sociali &#8211; dal 6 Agosto 2021.\u00a0<span class=\"gmail_default\">Tale certificato \u00e8 necessario\u00a0<\/span>limitatamente alle attivit\u00e0 al chiuso e che prevedono l\u2019ingresso all\u2019interno del Centro.<\/div>\n<p>Al momento pu\u00f2 ritenersi consentita,\u00a0<b>senza richiesta di Green Pass, la ristorazione da banco<\/b>\u00a0(caff\u00e8 al bancone, ritiro alimenti e<span class=\"gmail_default\">\u00a0<\/span>bevande al bancone) in modo similare ai locali di ristorazione.<\/p>\n<div style=\"text-align: left;\">La Certificazione verde COVID-19 non \u00e8 richiesta ai bambini esclusi per et\u00e0 dalla campagna vaccinale (fino a 12 anni) e ai soggetti esenti sulla base di idonea certificazione medica, per i quali verr\u00e0 creata una Certificazione digitale dedicata. Finch\u00e9 questa non sar\u00e0 disponibile, possono essere utilizzate quelle rilasciate in formato cartaceo.<\/div>\n<p><\/p>\n<div style=\"text-align: left;\">Tale controllo\u00a0<span class=\"gmail_default\">avverr\u00e0<\/span>\u00a0con le seguenti modalit\u00e0:<\/div>\n<div style=\"text-align: left;\">1. all\u2019ingresso del Centro un Volontario dovr\u00e0 richiedere il Green Pass all\u2019iscritto<\/div>\n<div style=\"text-align: left;\">2.\u00a0<span class=\"gmail_default\">l<\/span>\u2019iscritto potr\u00e0 mostrare il Green Pass o in formato digitale o in formato cartaceo<\/div>\n<div style=\"text-align: left;\">3.\u00a0<span class=\"gmail_default\">i<\/span>l Volontario, utilizzando l\u2019App VerificaC19 legge il QR Code, ne estrae le informazioni e procede<span class=\"gmail_default\">\u00a0<\/span>con il controllo. L\u2019App VerificaC19 mostra graficamente al verificatore l\u2019effettiva validit\u00e0 della<span class=\"gmail_default\">\u00a0<\/span>Certificazione nonch\u00e9 il nome, il cognome e la data di nascita dell\u2019intestatario della stessa.<\/div>\n<div style=\"text-align: left;\">4.\u00a0<span class=\"gmail_default\">l<\/span>\u2019interessato, su richiesta del verificatore, esibisce un proprio documento di identit\u00e0 in corso di<span class=\"gmail_default\">\u00a0<\/span>validit\u00e0 ai fini della verifica di corrispondenza dei dati anagrafici presenti nel documento con<span class=\"gmail_default\">\u00a0<\/span>quelli visualizzati dall\u2019App.<\/div>\n<p>Rimane in vigore l\u2019obbligo di soddisfare tutti i protocolli anti contagio<span class=\"gmail_default\">\u00a0e la registrazione delle presenze.<\/span><\/p>\n<p><span class=\"gmail_default\">Chiediamo collaborazione nell&#8217;applicazione della normativa. Sia il Centro che il Socio, in caso di mancato adempimento,\u00a0<\/span>rischiano una sanzione pecuniaria dai 400 \u20ac ai 1.000 \u20ac. Qualora la violazione fosse ripetuta per tre volte in tre giorni diversi, si applica la sanzione amministrativa accessoria della chiusura<span class=\"gmail_default\">\u00a0<\/span>dell\u2019esercizio o dell\u2019attivit\u00e0 da uno a dieci giorn<span class=\"gmail_default\">i.<\/span><\/div>\n<div class=\"gmail_default\" style=\"text-align: left;\"><\/div>\n<div class=\"gmail_default\" style=\"text-align: left;\">****<\/div>\n<div class=\"gmail_default\" style=\"text-align: right;\"><\/div>\n<div class=\"gmail_default\" style=\"text-align: right;\">10\/06\/2021<\/div>\n<div class=\"gmail_default\" style=\"text-align: left;\"><a href=\"http:\/\/cpsacquedottofe.it\/wordpress\/wp-content\/uploads\/2020\/04\/Comunicazione-riapertura-dal-14-6-21.pdf\">Comunicazione riapertura dal 14-6-21<\/a>.<\/div>\n<div class=\"gmail_default\" style=\"text-align: left;\">Si consiglia la lettura delle <a href=\"http:\/\/cpsacquedottofe.it\/wordpress\/wp-content\/uploads\/2020\/04\/0002021_05_28_Linee_Guida_riapertura_versione_POST_confronto_CTS_1.pdf\">linee guida della Conferenza Stato-Regioni<\/a>\u00a0e delle <a href=\"https:\/\/www.ancescao.it\/notizie\/1236-riaperture-informazioni-e-indicazioni\">indicazioni ANCeSCAO<\/a>.<\/div>\n<div class=\"gmail_default\" style=\"text-align: left;\"><\/div>\n<div class=\"gmail_default\" style=\"text-align: left;\">*****<\/div>\n<div class=\"gmail_default\" style=\"text-align: right;\">18\/06\/2020<\/div>\n<div class=\"gmail_default\" style=\"text-align: left;\"><\/div>\n<div class=\"gmail_default\" style=\"text-align: left;\">L&#8217;attesa <strong><a href=\"http:\/\/cpsacquedottofe.it\/wordpress\/wp-content\/uploads\/2020\/04\/Lettera-ai-soci-per-riapertura-dal-22-giugno.pdf\">Lettera ai soci per la riapertura da luned\u00ec 22 giugno<\/a><\/strong>. Tutti i dettagli, le regole, e un appello ai Soci.<\/div>\n<div class=\"gmail_default\" style=\"text-align: left;\"><\/div>\n<div class=\"gmail_default\" style=\"text-align: left;\">****<\/div>\n<div class=\"gmail_default\" style=\"text-align: right;\">02\/06\/2020<\/div>\n<div class=\"gmail_default\">\n<div class=\"gmail_default\"><a href=\"http:\/\/cpsacquedottofe.it\/wordpress\/wp-content\/uploads\/2020\/04\/2-giugno.jpg\"><img decoding=\"async\" class=\"alignright size-medium wp-image-6544\" src=\"http:\/\/cpsacquedottofe.it\/wordpress\/wp-content\/uploads\/2020\/04\/2-giugno-295x300.jpg\" alt=\"2 giugno\" width=\"295\" height=\"300\" srcset=\"http:\/\/cpsacquedottofe.it\/wordpress\/wp-content\/uploads\/2020\/04\/2-giugno-295x300.jpg 295w, http:\/\/cpsacquedottofe.it\/wordpress\/wp-content\/uploads\/2020\/04\/2-giugno.jpg 320w\" sizes=\"(max-width: 295px) 100vw, 295px\" \/><\/a>Buon inizio giugno e buona Festa della Repubblica.<\/div>\n<div class=\"gmail_default\"><\/div>\n<p>&nbsp;<\/p>\n<div class=\"gmail_default\">Ci sembra molto significativo risentirvi in questa giornata, che vuole essere segnale di rinascita, che speriamo possa riguardare anche il nostro Centro.<\/div>\n<div class=\"gmail_default\"><\/div>\n<div class=\"gmail_default\">Il 23 maggio scorso \u00e8 stato pubblicato il protocollo regionale che disciplina la riapertura di strutture come la nostra. Da leggere attentamente, per valutarne la fattibilit\u00e0, e da mettere insieme con i protocolli delle diverse attivit\u00e0 che ospitiamo. Si tratta di regole non banali, che richiedono attenzione e senso di responsabilit\u00e0, oltre che investimenti. Vogliamo mettere in atto i giusti comportamenti, prima di tutto perch\u00e9 vogliamo che ritornare al Centro Acquedotto sia per voi una bella esperienza, anche se magari diversa da prima. Alcune attivit\u00e0 saranno limitate, altre cominceranno magari nei prossimi mesi (comunque l&#8217;estate le avrebbe fatte sospendere), ma vogliamo comunque tornare ad esserci, ad offrire spazi e occasioni di aggregazione.<\/div>\n<div class=\"gmail_default\">Per questo, ma consapevoli di quello che questi mesi hanno lasciato come effetti, su vari punti di vista, stiamo raccogliendo dati, informazioni, preventivi, ci stiamo confrontando con le varie associazioni. E presto ci confronteremo con voi. Per decidere insieme. Facendolo rivedendosi di persona, perch\u00e9 ora si pu\u00f2 fare. Lo dobbiamo solo preparare, come ci si prepara per un&#8217;occasione speciale. Il nostro ritorno sar\u00e0 un&#8217;occasione speciale.<\/div>\n<div class=\"gmail_default\"><\/div>\n<div class=\"gmail_default\">A presto, prestissimo ci auguriamo. Grazie come sempre della vostra fiducia.<\/div>\n<\/div>\n<p>&nbsp;<\/p>\n<div class=\"gmail_default\" style=\"text-align: left;\"><\/div>\n<div class=\"gmail_default\" style=\"text-align: left;\">*****<\/div>\n<div class=\"gmail_default\" style=\"text-align: right;\">23\/05\/2020<\/div>\n<div class=\"gmail_default\" style=\"text-align: left;\">Il <a href=\"http:\/\/cpsacquedottofe.it\/wordpress\/wp-content\/uploads\/2020\/04\/protocollo-regionale-CENTRI-E-CIRCOLI.pdf\">protocollo-regionale-CENTRI-E-CIRCOLI<\/a> e le <a href=\"https:\/\/www.regione.emilia-romagna.it\/coronavirus\">altre disposizioni per tipologia di attivit\u00e0.<\/a><\/div>\n<div class=\"gmail_default\" style=\"text-align: left;\"><\/div>\n<div class=\"gmail_default\" style=\"text-align: left;\">******<\/div>\n<div class=\"gmail_default\" style=\"text-align: right;\">15\/05\/2020<\/div>\n<div class=\"gmail_default\" style=\"text-align: left;\">Pubblichiamo le ultime comunicazioni ufficiali di Ancescao Nazionale in merito al futuro dei nostri Centri e alle eventuali riaperture<\/div>\n<ul>\n<li class=\"gmail_default\" style=\"text-align: left;\"><a href=\"http:\/\/cpsacquedottofe.it\/wordpress\/wp-content\/uploads\/2020\/04\/Comunicazione_su_riaperture_centri.pdf\">Comunicazione_su_riaperture_centri<\/a><\/li>\n<li class=\"gmail_default\" style=\"text-align: left;\"><a href=\"http:\/\/cpsacquedottofe.it\/wordpress\/wp-content\/uploads\/2020\/04\/sintesi_conferenza_regioni_24577.pdf\">sintesi_conferenza_regioni_24577<\/a><\/li>\n<\/ul>\n<p>******<\/p>\n<p style=\"text-align: right;\">17\/04\/2020<\/p>\n<div class=\"gmail_default\">Gentilissimi,<\/div>\n<p>desideriamo condividere con voi le decisioni prese in merito alla situazione che la nostra associazione sta affrontando. <a href=\"http:\/\/cpsacquedottofe.it\/wordpress\/wp-content\/uploads\/2020\/04\/comunic.jpg\"><img decoding=\"async\" class=\"alignright size-medium wp-image-6527\" src=\"http:\/\/cpsacquedottofe.it\/wordpress\/wp-content\/uploads\/2020\/04\/comunic-300x149.jpg\" alt=\"comunic\" width=\"300\" height=\"149\" srcset=\"http:\/\/cpsacquedottofe.it\/wordpress\/wp-content\/uploads\/2020\/04\/comunic-300x149.jpg 300w, http:\/\/cpsacquedottofe.it\/wordpress\/wp-content\/uploads\/2020\/04\/comunic.jpg 318w\" sizes=\"(max-width: 300px) 100vw, 300px\" \/><\/a><\/p>\n<div class=\"gmail_default\">Essendo evidentemente chiusi dall&#8217;8 marzo ma comunque con attivit\u00e0 limitata dal 24 febbraio scorso, potete ben comprendere che a fronte di mancate entrate, stiamo di fatto accumulando costi fissi e di utenze e registrando il deperimento di beni materiali (ad esempio il magazzino di bar e cucina).<\/div>\n<div class=\"gmail_default\"><\/div>\n<div class=\"gmail_default\">Per questo, non potendo ulteriormente dilazionate le spese e per non gravare sui fondi di riserva o, nella peggiore delle ipotesi, su tutti noi, abbiamo deciso di:<\/div>\n<div class=\"gmail_default\">&#8211; richiedere la sospensione dei servizi di teleriscaldamento e telefonia<\/div>\n<div class=\"gmail_default\">&#8211; richiedere la sospensione di alcune polizze assicurative e la dilazione di altre<\/div>\n<div class=\"gmail_default\">&#8211; richiedere la sospensione di alcuni piani di noleggio per attrezzature (forno)<\/div>\n<div class=\"gmail_default\">&#8211; richiedere la sospensione di alcuni servizi di vigilanza notturna.<\/div>\n<div class=\"gmail_default\"><\/div>\n<div class=\"gmail_default\">Progressivamente, se la situazione non migliorer\u00e0, saremo costretti a fare altre valutazioni in questo senso.<\/div>\n<div class=\"gmail_default\"><\/div>\n<div class=\"gmail_default\">Purtroppo la nostra realt\u00e0 non \u00e8 tra quelle beneficiarie di contributi, se non di qualche dilazione di pagamenti fiscali. Senza nessuno sgravio dei costi fissi per le utenze, a fronte di mancati ricavi e ulteriori perdite, tagliare le utenze \u00e8 al momento l&#8217;unica soluzione.<\/div>\n<div class=\"gmail_default\">Ci auguriamo che la sospensione sia solo temporanea. Ma \u00e8 realistico pensare che, se mai a maggio dovesse esserci concesso di riaprire, non sar\u00e0 immediata la ripartenza, perch\u00e9 per questa dovrebbero poter ripartire anche le diverse attivit\u00e0 e associazioni che ospitiamo e che contribuiscono per la quasi totalit\u00e0 alla nostra gestione. Inoltre, i prevedibili limiti in termini di gestione spazi e contingentamento di persone dovranno essere verificati nella fattibilit\u00e0 e potranno quindi comportare ulteriori ritardi e blocchi.<\/div>\n<div class=\"gmail_default\"><\/div>\n<div class=\"gmail_default\">Non \u00e8 facile dover fare queste valutazioni. Ci auguriamo di non dover arrivare al punto di dover decidere di rimanere chiusi perch\u00e9 non possiamo reggere le spese, se non ci sono entrate. Confidiamo che ci possa essere supporto per realt\u00e0 come le nostre e collaborazione da parte di tutti.<\/div>\n<div class=\"gmail_default\"><\/div>\n<div class=\"gmail_default\">Come sempre, vi terremo aggiornati.<\/div>\n<div class=\"gmail_default\">Grazie<\/div>\n","protected":false},"excerpt":{"rendered":"<p>30\/07\/2021 Il Decreto Legge 23 luglio 2021 nr. 105 prevede l\u2019estensione dell\u2019utilizzo della Certificazione verde Covid-19 (Green Pass) a diverse attivit\u00e0 \u2013 [&hellip;]<\/p>\n","protected":false},"author":3,"featured_media":0,"parent":6484,"menu_order":0,"comment_status":"closed","ping_status":"closed","template":"sidebar-page.php","meta":{"_lmt_disableupdate":"","_lmt_disable":"","_monsterinsights_skip_tracking":false,"_monsterinsights_sitenote_active":false,"_monsterinsights_sitenote_note":"","_monsterinsights_sitenote_category":0,"footnotes":""},"class_list":["post-6526","page","type-page","status-publish","hentry"],"aioseo_notices":[],"_links":{"self":[{"href":"http:\/\/cpsacquedottofe.it\/wordpress\/wp-json\/wp\/v2\/pages\/6526","targetHints":{"allow":["GET"]}}],"collection":[{"href":"http:\/\/cpsacquedottofe.it\/wordpress\/wp-json\/wp\/v2\/pages"}],"about":[{"href":"http:\/\/cpsacquedottofe.it\/wordpress\/wp-json\/wp\/v2\/types\/page"}],"author":[{"embeddable":true,"href":"http:\/\/cpsacquedottofe.it\/wordpress\/wp-json\/wp\/v2\/users\/3"}],"replies":[{"embeddable":true,"href":"http:\/\/cpsacquedottofe.it\/wordpress\/wp-json\/wp\/v2\/comments?post=6526"}],"version-history":[{"count":12,"href":"http:\/\/cpsacquedottofe.it\/wordpress\/wp-json\/wp\/v2\/pages\/6526\/revisions"}],"predecessor-version":[{"id":6669,"href":"http:\/\/cpsacquedottofe.it\/wordpress\/wp-json\/wp\/v2\/pages\/6526\/revisions\/6669"}],"up":[{"embeddable":true,"href":"http:\/\/cpsacquedottofe.it\/wordpress\/wp-json\/wp\/v2\/pages\/6484"}],"wp:attachment":[{"href":"http:\/\/cpsacquedottofe.it\/wordpress\/wp-json\/wp\/v2\/media?parent=6526"}],"curies":[{"name":"wp","href":"https:\/\/api.w.org\/{rel}","templated":true}]}}