{"id":7259,"date":"2025-02-02T11:59:40","date_gmt":"2025-02-02T10:59:40","guid":{"rendered":"http:\/\/cpsacquedottofe.it\/wordpress\/?page_id=7259"},"modified":"2025-02-02T12:03:31","modified_gmt":"2025-02-02T11:03:31","slug":"laboratorio-di-scrittura-autobiografica","status":"publish","type":"page","link":"http:\/\/cpsacquedottofe.it\/wordpress\/conferenze-e-laboratori\/laboratorio-di-scrittura-autobiografica","title":{"rendered":"Laboratorio di scrittura autobiografica"},"content":{"rendered":"\n<figure class=\"wp-block-image alignright size-full is-resized\"><a href=\"http:\/\/cpsacquedottofe.it\/wordpress\/wp-content\/uploads\/2025\/02\/specchio.png\"><img fetchpriority=\"high\" decoding=\"async\" width=\"434\" height=\"684\" src=\"http:\/\/cpsacquedottofe.it\/wordpress\/wp-content\/uploads\/2025\/02\/specchio.png\" alt=\"\" class=\"wp-image-7262\" style=\"width:145px;height:auto\" srcset=\"http:\/\/cpsacquedottofe.it\/wordpress\/wp-content\/uploads\/2025\/02\/specchio.png 434w, http:\/\/cpsacquedottofe.it\/wordpress\/wp-content\/uploads\/2025\/02\/specchio-190x300.png 190w\" sizes=\"(max-width: 434px) 100vw, 434px\" \/><\/a><\/figure>\n\n\n\n<p><em>Sin dall\u2019infanzia l\u2019essere umano ha sempre avuto una tendenza innata a raccontarsi, e ci\u00f2 facendo ha sempre descritto, volontariamente o meno, anche il mondo che lo ha sempre circondato: i cambiamenti, innovazioni scientifiche e tecnologiche che hanno cambiato le nostre abitudini, guerre, crisi e scoperte rivoluzionarie.<br><br>La scrittura della propria vita rappresenta un percorso di conoscenza di s\u00e9 per riappropriarsi della propria storia attraverso uno strumento semplice e fondamentale: la scrittura. Perch\u00e9 ogni vita racchiude una ricchezza nascosta, un vissuto che \u00e8 un patrimonio unico e originale, assolutamente irripetibile.<br><\/em><strong><br>Il Centro Acquedotto propone un laboratorio dedicato alla scrittura autobiografica<\/strong>, che si rivolge quindi a tutti, partendo dalla constatazione che ogni vita \u00e8 una storia che merita di essere raccontata.<\/p>\n\n\n\n<p>Le <strong>12 lezioni, tutti i luned\u00ec dalle 17:00 alle 19:00 presso la sede di Corso Isonzo 42<\/strong>, costituiscono un percorso strutturato per riuscire a trasformare la propria storia personale in una narrazione che possa ambire ad avere un interesse \u2018universale\u2019. <img decoding=\"async\" class=\"wp-image-7260\" style=\"width: NaNpx;\" src=\"http:\/\/cpsacquedottofe.it\/wordpress\/wp-content\/uploads\/2025\/02\/Corso-scrittura-autobiografica-1.pdf\" alt=\"\"><\/p>\n\n\n\n<div data-wp-interactive=\"core\/file\" class=\"wp-block-file\"><object data-wp-bind--hidden=\"!state.hasPdfPreview\" hidden class=\"wp-block-file__embed\" data=\"http:\/\/cpsacquedottofe.it\/wordpress\/wp-content\/uploads\/2025\/02\/Corso-scrittura-autobiografica-1-1.pdf\" type=\"application\/pdf\" style=\"width:100%;height:600px\" aria-label=\"Incorporamento di Corso-scrittura-autobiografica-1-1.\"><\/object><a id=\"wp-block-file--media-cb5af069-7f1f-46c8-a736-d1ddc9e88f00\" href=\"http:\/\/cpsacquedottofe.it\/wordpress\/wp-content\/uploads\/2025\/02\/Corso-scrittura-autobiografica-1-1.pdf\">Corso-scrittura-autobiografica-1-1<\/a><a href=\"http:\/\/cpsacquedottofe.it\/wordpress\/wp-content\/uploads\/2025\/02\/Corso-scrittura-autobiografica-1-1.pdf\" class=\"wp-block-file__button wp-element-button\" download aria-describedby=\"wp-block-file--media-cb5af069-7f1f-46c8-a736-d1ddc9e88f00\">Download<\/a><\/div>\n\n\n\n<p><\/p>\n\n\n\n<p>Conduce il corso <strong>Giovanna De Simone, scrittrice ferrarese, specializzata nel tema della scrittura autobiografica.<\/strong><\/p>\n\n\n\n<p><strong>E&#8217; previsto un contributo di partecipazione, comprensivo di tesseramento ANCeSCAO per l&#8217;anno 2025 (tessera annuale euro 13.00).<br><\/strong><\/p>\n\n\n\n<p><strong>Numero minimo partecipanti 8, massimo 12.<\/strong> Per informazioni e iscrizioni: <a href=\"mailto:centrocorsoisonzo@gmail.com\">centrocorsoisonzo@gmail.com<\/a><\/p>\n","protected":false},"excerpt":{"rendered":"<p>Sin dall\u2019infanzia l\u2019essere umano ha sempre avuto una tendenza innata a raccontarsi, e ci\u00f2 facendo ha sempre descritto, volontariamente o meno, anche [&hellip;]<\/p>\n","protected":false},"author":3,"featured_media":0,"parent":7172,"menu_order":0,"comment_status":"closed","ping_status":"closed","template":"","meta":{"_lmt_disableupdate":"","_lmt_disable":"","_monsterinsights_skip_tracking":false,"_monsterinsights_sitenote_active":false,"_monsterinsights_sitenote_note":"","_monsterinsights_sitenote_category":0,"footnotes":""},"class_list":["post-7259","page","type-page","status-publish","hentry"],"aioseo_notices":[],"_links":{"self":[{"href":"http:\/\/cpsacquedottofe.it\/wordpress\/wp-json\/wp\/v2\/pages\/7259","targetHints":{"allow":["GET"]}}],"collection":[{"href":"http:\/\/cpsacquedottofe.it\/wordpress\/wp-json\/wp\/v2\/pages"}],"about":[{"href":"http:\/\/cpsacquedottofe.it\/wordpress\/wp-json\/wp\/v2\/types\/page"}],"author":[{"embeddable":true,"href":"http:\/\/cpsacquedottofe.it\/wordpress\/wp-json\/wp\/v2\/users\/3"}],"replies":[{"embeddable":true,"href":"http:\/\/cpsacquedottofe.it\/wordpress\/wp-json\/wp\/v2\/comments?post=7259"}],"version-history":[{"count":2,"href":"http:\/\/cpsacquedottofe.it\/wordpress\/wp-json\/wp\/v2\/pages\/7259\/revisions"}],"predecessor-version":[{"id":7267,"href":"http:\/\/cpsacquedottofe.it\/wordpress\/wp-json\/wp\/v2\/pages\/7259\/revisions\/7267"}],"up":[{"embeddable":true,"href":"http:\/\/cpsacquedottofe.it\/wordpress\/wp-json\/wp\/v2\/pages\/7172"}],"wp:attachment":[{"href":"http:\/\/cpsacquedottofe.it\/wordpress\/wp-json\/wp\/v2\/media?parent=7259"}],"curies":[{"name":"wp","href":"https:\/\/api.w.org\/{rel}","templated":true}]}}