{"id":7519,"date":"2025-10-14T18:00:51","date_gmt":"2025-10-14T17:00:51","guid":{"rendered":"http:\/\/cpsacquedottofe.it\/wordpress\/?page_id=7519"},"modified":"2025-11-02T19:22:47","modified_gmt":"2025-11-02T18:22:47","slug":"proposta-corsi-25-26","status":"publish","type":"page","link":"http:\/\/cpsacquedottofe.it\/wordpress\/attivita\/proposta-corsi-25-26","title":{"rendered":"Proposta Corsi 25\/26"},"content":{"rendered":"\n<p><strong>Siamo un punto di riferimento per la crescita, l&#8217;apprendimento e il benessere nella nostra comunit\u00e0.<\/strong><\/p>\n\n\n\n<p>Ogni anno, il Centro Acquedotto si impegna a offrire un calendario ricco e diversificato, pensato per rispondere alle esigenze di formazione e interesse di tutte le et\u00e0. Che tu voglia migliorare le tue competenze professionali, scoprire nuove culture, dedicarti al benessere personale, o semplicemente partecipare a iniziative stimolanti, qui troverai l&#8217;opportunit\u00e0 giusta.<\/p>\n\n\n\n<p>Dai corsi in partenza a gennaio alle attivit\u00e0 gi\u00e0 consolidate, consulta l&#8217;elenco qui sotto per trovare ci\u00f2 che fa per te.<\/p>\n\n\n\n<p><strong>Hai una domanda sulle Nuove Proposte (Inglese e Francese)?<\/strong> Non esitare a contattarci subito! Siamo sempre disponibili a fornirti tutte le informazioni di cui hai bisogno.<\/p>\n\n\n\n<hr class=\"wp-block-separator has-alpha-channel-opacity\"\/>\n\n\n\n<h3 class=\"wp-block-heading\">\ud83d\ude80 Le Nostre Attivit\u00e0<\/h3>\n\n\n\n<h4 class=\"wp-block-heading\">\ud83c\udf93 Formazione e Crescita (Attivit\u00e0 in Corso)<\/h4>\n\n\n\n<ul class=\"wp-block-list\">\n<li>\ud83d\udcda <strong><a href=\"https:\/\/drive.google.com\/file\/d\/15dDViWMLmQrq8p7Hu7iVFxoMBVSctta_\/view?usp=sharing\" title=\"\">Doposcuola<\/a><\/strong> \u2013 Attivit\u00e0 in corso.<\/li>\n\n\n\n<li>\u270d\ufe0f <strong><a href=\"https:\/\/drive.google.com\/file\/d\/15dDViWMLmQrq8p7Hu7iVFxoMBVSctta_\/view?usp=sharing\" title=\"\">Laboratorio e Corso scrittura autobiografic<\/a>a<\/strong> \u2013 Attivit\u00e0 in corso.<\/li>\n\n\n\n<li>\ud83e\uddd8 <a href=\"https:\/\/drive.google.com\/file\/d\/1j-y52zrZoH9s15YgRDK5iPLtmszo1RhM\/view?usp=sharing\" title=\"\"><strong>Shiatsu<\/strong> <\/a>\u2013 Attivit\u00e0 in corso (Benessere e pratiche corporee).<\/li>\n<\/ul>\n\n\n\n<h4 class=\"wp-block-heading\">\ud83d\udde3\ufe0f Corsi Linguistici e Digitali<\/h4>\n\n\n\n<ul class=\"wp-block-list\">\n<li>\ud83d\udcca <strong><a href=\"https:\/\/drive.google.com\/file\/d\/1L7BaWDMBV87rU5KjlnNp0czT1uMDreSo\/view?usp=sharing\" title=\"\">Corso di Excel<\/a><\/strong> \u2013 Disponibile da novembre.<\/li>\n\n\n\n<li>\ud83e\udd16 <strong><a href=\"https:\/\/drive.google.com\/file\/d\/1_YlxUg7drJ4jhWn-NYNKhVmK5snwH-CL\/view?usp=sharing\" title=\"\">Intelligenza artificiale<\/a><\/strong> \u2013 Corso avanzato sulle nuove tecnologie.<\/li>\n\n\n\n<li>\ud83c\udd95 \ud83c\uddec\ud83c\udde7 <a href=\"https:\/\/drive.google.com\/file\/d\/1LqxQRPGbRf8OJktCqkO65D-4FhTgDEkg\/view?usp=drive_link\" title=\"\"><strong>Corso di inglese<\/strong> <\/a>\u2013 <strong>Nuova proposta a Gennaio<\/strong>; richiesta informazioni sempre possibile.<\/li>\n\n\n\n<li>\ud83c\udd95 \ud83c\uddeb\ud83c\uddf7 <strong><a href=\"https:\/\/drive.google.com\/file\/d\/1ur5nIZn3lGhoCxdolozWDj7aUwniCego\/view?usp=sharing\" title=\"\">Corsi di francese base e avanzato<\/a><\/strong> \u2013 <strong>Nuova proposta a Gennaio<\/strong>; richiesta informazioni sempre possibile.<\/li>\n<\/ul>\n\n\n\n<h4 class=\"wp-block-heading\">\ud83e\udd1d In Collaborazione con Altre Associazioni<\/h4>\n\n\n\n<ul class=\"wp-block-list\">\n<li>\ud83c\udfb6 <strong>Musica e Musicoterapia<\/strong><\/li>\n\n\n\n<li>\ud83c\udde6\ud83c\uddf1 <strong>Scuola albanese<\/strong><\/li>\n<\/ul>\n\n\n\n<h4 class=\"wp-block-heading\">\ud83d\uddd3\ufe0f Eventi ed Attivit\u00e0 Una Tantum<\/h4>\n\n\n\n<ul class=\"wp-block-list\">\n<li>\ud83c\udfa4 <strong>Conferenze tematiche<\/strong> \u2013 Eventi informativi specifici.<\/li>\n\n\n\n<li>\u2728 <strong>Iniziative temporanee<\/strong> \u2013 Attivit\u00e0 speciali e non ricorrenti.<\/li>\n<\/ul>\n","protected":false},"excerpt":{"rendered":"<p>Siamo un punto di riferimento per la crescita, l&#8217;apprendimento e il benessere nella nostra comunit\u00e0. Ogni anno, il Centro Acquedotto si impegna [&hellip;]<\/p>\n","protected":false},"author":3,"featured_media":0,"parent":6950,"menu_order":0,"comment_status":"closed","ping_status":"closed","template":"","meta":{"_lmt_disableupdate":"","_lmt_disable":"","_monsterinsights_skip_tracking":false,"_monsterinsights_sitenote_active":false,"_monsterinsights_sitenote_note":"","_monsterinsights_sitenote_category":0,"footnotes":""},"class_list":["post-7519","page","type-page","status-publish","hentry"],"aioseo_notices":[],"_links":{"self":[{"href":"http:\/\/cpsacquedottofe.it\/wordpress\/wp-json\/wp\/v2\/pages\/7519","targetHints":{"allow":["GET"]}}],"collection":[{"href":"http:\/\/cpsacquedottofe.it\/wordpress\/wp-json\/wp\/v2\/pages"}],"about":[{"href":"http:\/\/cpsacquedottofe.it\/wordpress\/wp-json\/wp\/v2\/types\/page"}],"author":[{"embeddable":true,"href":"http:\/\/cpsacquedottofe.it\/wordpress\/wp-json\/wp\/v2\/users\/3"}],"replies":[{"embeddable":true,"href":"http:\/\/cpsacquedottofe.it\/wordpress\/wp-json\/wp\/v2\/comments?post=7519"}],"version-history":[{"count":5,"href":"http:\/\/cpsacquedottofe.it\/wordpress\/wp-json\/wp\/v2\/pages\/7519\/revisions"}],"predecessor-version":[{"id":7543,"href":"http:\/\/cpsacquedottofe.it\/wordpress\/wp-json\/wp\/v2\/pages\/7519\/revisions\/7543"}],"up":[{"embeddable":true,"href":"http:\/\/cpsacquedottofe.it\/wordpress\/wp-json\/wp\/v2\/pages\/6950"}],"wp:attachment":[{"href":"http:\/\/cpsacquedottofe.it\/wordpress\/wp-json\/wp\/v2\/media?parent=7519"}],"curies":[{"name":"wp","href":"https:\/\/api.w.org\/{rel}","templated":true}]}}